{"id":19099,"date":"2023-04-19T01:10:26","date_gmt":"2023-04-19T05:10:26","guid":{"rendered":"http:\/\/www.historicalwings.com\/?page_id=19099"},"modified":"2023-04-19T01:10:26","modified_gmt":"2023-04-19T05:10:26","slug":"1-48-mirage-hobby-pzl-37a-los-212-esk-bombowa-1-pulk-lotniczy-72-5-malaszewicze-near-brest-3-october-1939","status":"publish","type":"page","link":"https:\/\/www.historicalwings.com\/?page_id=19099","title":{"rendered":"1\/48 Mirage Hobby, PZL 37A \u0141o\u015b, 212 Esk. Bombowa, 1 Pu\u0142k Lotniczy 72.5, Ma\u0142aszewicze (Near Brest) 3 October 1939."},"content":{"rendered":"\n<p>1\/48 Mirage Hobby, PZL 37A \u0141o\u015b, 212 Esk. Bombowa, 1 Pu\u0142k Lotniczy 72.5, Ma\u0142aszewicze (Near Brest) 3 October 1939.<br><br><\/p>\n\n\n\n<figure class=\"wp-block-gallery has-nested-images columns-default is-cropped wp-block-gallery-1 is-layout-flex wp-block-gallery-is-layout-flex\">\n<figure class=\"wp-block-image size-large\"><a href=\"https:\/\/www.historicalwings.com\/wp-content\/uploads\/2023\/04\/IMG_7810.jpg\"><img loading=\"lazy\" decoding=\"async\" width=\"1024\" height=\"683\" data-id=\"19111\" src=\"https:\/\/www.historicalwings.com\/wp-content\/uploads\/2023\/04\/IMG_7810-1024x683.jpg\" alt=\"\" class=\"wp-image-19111\" srcset=\"https:\/\/www.historicalwings.com\/wp-content\/uploads\/2023\/04\/IMG_7810-1024x683.jpg 1024w, https:\/\/www.historicalwings.com\/wp-content\/uploads\/2023\/04\/IMG_7810-300x200.jpg 300w, https:\/\/www.historicalwings.com\/wp-content\/uploads\/2023\/04\/IMG_7810-768x512.jpg 768w, https:\/\/www.historicalwings.com\/wp-content\/uploads\/2023\/04\/IMG_7810.jpg 1600w\" sizes=\"auto, (max-width: 1024px) 100vw, 1024px\" \/><\/a><\/figure>\n\n\n\n<figure class=\"wp-block-image size-large\"><a href=\"https:\/\/www.historicalwings.com\/wp-content\/uploads\/2023\/04\/IMG_7809.jpg\"><img loading=\"lazy\" decoding=\"async\" width=\"1024\" height=\"683\" data-id=\"19110\" src=\"https:\/\/www.historicalwings.com\/wp-content\/uploads\/2023\/04\/IMG_7809-1024x683.jpg\" alt=\"\" class=\"wp-image-19110\" srcset=\"https:\/\/www.historicalwings.com\/wp-content\/uploads\/2023\/04\/IMG_7809-1024x683.jpg 1024w, https:\/\/www.historicalwings.com\/wp-content\/uploads\/2023\/04\/IMG_7809-300x200.jpg 300w, https:\/\/www.historicalwings.com\/wp-content\/uploads\/2023\/04\/IMG_7809-768x512.jpg 768w, https:\/\/www.historicalwings.com\/wp-content\/uploads\/2023\/04\/IMG_7809-1536x1024.jpg 1536w, https:\/\/www.historicalwings.com\/wp-content\/uploads\/2023\/04\/IMG_7809-676x451.jpg 676w, https:\/\/www.historicalwings.com\/wp-content\/uploads\/2023\/04\/IMG_7809.jpg 1600w\" sizes=\"auto, (max-width: 1024px) 100vw, 1024px\" \/><\/a><\/figure>\n\n\n\n<figure class=\"wp-block-image size-large\"><a href=\"https:\/\/www.historicalwings.com\/wp-content\/uploads\/2023\/04\/IMG_7808.jpg\"><img loading=\"lazy\" decoding=\"async\" width=\"1024\" height=\"683\" data-id=\"19109\" src=\"https:\/\/www.historicalwings.com\/wp-content\/uploads\/2023\/04\/IMG_7808-1024x683.jpg\" alt=\"\" class=\"wp-image-19109\" srcset=\"https:\/\/www.historicalwings.com\/wp-content\/uploads\/2023\/04\/IMG_7808-1024x683.jpg 1024w, https:\/\/www.historicalwings.com\/wp-content\/uploads\/2023\/04\/IMG_7808-300x200.jpg 300w, https:\/\/www.historicalwings.com\/wp-content\/uploads\/2023\/04\/IMG_7808-768x512.jpg 768w, https:\/\/www.historicalwings.com\/wp-content\/uploads\/2023\/04\/IMG_7808-1536x1024.jpg 1536w, https:\/\/www.historicalwings.com\/wp-content\/uploads\/2023\/04\/IMG_7808-676x451.jpg 676w, https:\/\/www.historicalwings.com\/wp-content\/uploads\/2023\/04\/IMG_7808.jpg 1600w\" sizes=\"auto, (max-width: 1024px) 100vw, 1024px\" \/><\/a><\/figure>\n\n\n\n<figure class=\"wp-block-image size-large\"><a href=\"https:\/\/www.historicalwings.com\/wp-content\/uploads\/2023\/04\/IMG_7806.jpg\"><img loading=\"lazy\" decoding=\"async\" width=\"1024\" height=\"683\" data-id=\"19108\" src=\"https:\/\/www.historicalwings.com\/wp-content\/uploads\/2023\/04\/IMG_7806-1024x683.jpg\" alt=\"\" class=\"wp-image-19108\" srcset=\"https:\/\/www.historicalwings.com\/wp-content\/uploads\/2023\/04\/IMG_7806-1024x683.jpg 1024w, https:\/\/www.historicalwings.com\/wp-content\/uploads\/2023\/04\/IMG_7806-300x200.jpg 300w, https:\/\/www.historicalwings.com\/wp-content\/uploads\/2023\/04\/IMG_7806.jpg 1600w\" sizes=\"auto, (max-width: 1024px) 100vw, 1024px\" \/><\/a><\/figure>\n\n\n\n<figure class=\"wp-block-image size-large\"><a href=\"https:\/\/www.historicalwings.com\/wp-content\/uploads\/2023\/04\/IMG_7805.jpg\"><img loading=\"lazy\" decoding=\"async\" width=\"1024\" height=\"683\" data-id=\"19107\" src=\"https:\/\/www.historicalwings.com\/wp-content\/uploads\/2023\/04\/IMG_7805-1024x683.jpg\" alt=\"\" class=\"wp-image-19107\" srcset=\"https:\/\/www.historicalwings.com\/wp-content\/uploads\/2023\/04\/IMG_7805-1024x683.jpg 1024w, https:\/\/www.historicalwings.com\/wp-content\/uploads\/2023\/04\/IMG_7805-300x200.jpg 300w, https:\/\/www.historicalwings.com\/wp-content\/uploads\/2023\/04\/IMG_7805-768x512.jpg 768w, https:\/\/www.historicalwings.com\/wp-content\/uploads\/2023\/04\/IMG_7805.jpg 1600w\" sizes=\"auto, (max-width: 1024px) 100vw, 1024px\" \/><\/a><\/figure>\n\n\n\n<figure class=\"wp-block-image size-large\"><a href=\"https:\/\/www.historicalwings.com\/wp-content\/uploads\/2023\/04\/IMG_7807.jpg\"><img loading=\"lazy\" decoding=\"async\" width=\"1024\" height=\"683\" data-id=\"19106\" src=\"https:\/\/www.historicalwings.com\/wp-content\/uploads\/2023\/04\/IMG_7807-1024x683.jpg\" alt=\"\" class=\"wp-image-19106\" srcset=\"https:\/\/www.historicalwings.com\/wp-content\/uploads\/2023\/04\/IMG_7807-1024x683.jpg 1024w, https:\/\/www.historicalwings.com\/wp-content\/uploads\/2023\/04\/IMG_7807-300x200.jpg 300w, https:\/\/www.historicalwings.com\/wp-content\/uploads\/2023\/04\/IMG_7807-768x512.jpg 768w, https:\/\/www.historicalwings.com\/wp-content\/uploads\/2023\/04\/IMG_7807-1536x1024.jpg 1536w, https:\/\/www.historicalwings.com\/wp-content\/uploads\/2023\/04\/IMG_7807-676x451.jpg 676w, https:\/\/www.historicalwings.com\/wp-content\/uploads\/2023\/04\/IMG_7807.jpg 1600w\" sizes=\"auto, (max-width: 1024px) 100vw, 1024px\" \/><\/a><\/figure>\n\n\n\n<figure class=\"wp-block-image size-large\"><a href=\"https:\/\/www.historicalwings.com\/wp-content\/uploads\/2023\/04\/IMG_7804.jpg\"><img loading=\"lazy\" decoding=\"async\" width=\"1024\" height=\"683\" data-id=\"19105\" src=\"https:\/\/www.historicalwings.com\/wp-content\/uploads\/2023\/04\/IMG_7804-1024x683.jpg\" alt=\"\" class=\"wp-image-19105\" srcset=\"https:\/\/www.historicalwings.com\/wp-content\/uploads\/2023\/04\/IMG_7804-1024x683.jpg 1024w, https:\/\/www.historicalwings.com\/wp-content\/uploads\/2023\/04\/IMG_7804-300x200.jpg 300w, https:\/\/www.historicalwings.com\/wp-content\/uploads\/2023\/04\/IMG_7804-768x512.jpg 768w, https:\/\/www.historicalwings.com\/wp-content\/uploads\/2023\/04\/IMG_7804-1536x1024.jpg 1536w, https:\/\/www.historicalwings.com\/wp-content\/uploads\/2023\/04\/IMG_7804-676x451.jpg 676w, https:\/\/www.historicalwings.com\/wp-content\/uploads\/2023\/04\/IMG_7804.jpg 1600w\" sizes=\"auto, (max-width: 1024px) 100vw, 1024px\" \/><\/a><\/figure>\n\n\n\n<figure class=\"wp-block-image size-large\"><a href=\"https:\/\/www.historicalwings.com\/wp-content\/uploads\/2023\/04\/IMG_7802.jpg\"><img loading=\"lazy\" decoding=\"async\" width=\"1024\" height=\"683\" data-id=\"19104\" src=\"https:\/\/www.historicalwings.com\/wp-content\/uploads\/2023\/04\/IMG_7802-1024x683.jpg\" alt=\"\" class=\"wp-image-19104\" srcset=\"https:\/\/www.historicalwings.com\/wp-content\/uploads\/2023\/04\/IMG_7802-1024x683.jpg 1024w, https:\/\/www.historicalwings.com\/wp-content\/uploads\/2023\/04\/IMG_7802-300x200.jpg 300w, https:\/\/www.historicalwings.com\/wp-content\/uploads\/2023\/04\/IMG_7802-768x512.jpg 768w, https:\/\/www.historicalwings.com\/wp-content\/uploads\/2023\/04\/IMG_7802-1536x1024.jpg 1536w, https:\/\/www.historicalwings.com\/wp-content\/uploads\/2023\/04\/IMG_7802-676x451.jpg 676w, https:\/\/www.historicalwings.com\/wp-content\/uploads\/2023\/04\/IMG_7802.jpg 1600w\" sizes=\"auto, (max-width: 1024px) 100vw, 1024px\" \/><\/a><\/figure>\n\n\n\n<figure class=\"wp-block-image size-large\"><a href=\"https:\/\/www.historicalwings.com\/wp-content\/uploads\/2023\/04\/IMG_7803.jpg\"><img loading=\"lazy\" decoding=\"async\" width=\"1024\" height=\"683\" data-id=\"19103\" src=\"https:\/\/www.historicalwings.com\/wp-content\/uploads\/2023\/04\/IMG_7803-1024x683.jpg\" alt=\"\" class=\"wp-image-19103\" srcset=\"https:\/\/www.historicalwings.com\/wp-content\/uploads\/2023\/04\/IMG_7803-1024x683.jpg 1024w, https:\/\/www.historicalwings.com\/wp-content\/uploads\/2023\/04\/IMG_7803-300x200.jpg 300w, https:\/\/www.historicalwings.com\/wp-content\/uploads\/2023\/04\/IMG_7803-768x512.jpg 768w, https:\/\/www.historicalwings.com\/wp-content\/uploads\/2023\/04\/IMG_7803-1536x1024.jpg 1536w, https:\/\/www.historicalwings.com\/wp-content\/uploads\/2023\/04\/IMG_7803-676x451.jpg 676w, https:\/\/www.historicalwings.com\/wp-content\/uploads\/2023\/04\/IMG_7803.jpg 1600w\" sizes=\"auto, (max-width: 1024px) 100vw, 1024px\" \/><\/a><\/figure>\n\n\n\n<figure class=\"wp-block-image size-large\"><a href=\"https:\/\/www.historicalwings.com\/wp-content\/uploads\/2023\/04\/IMG_7801.jpg\"><img loading=\"lazy\" decoding=\"async\" width=\"1024\" height=\"683\" data-id=\"19102\" src=\"https:\/\/www.historicalwings.com\/wp-content\/uploads\/2023\/04\/IMG_7801-1024x683.jpg\" alt=\"\" class=\"wp-image-19102\" srcset=\"https:\/\/www.historicalwings.com\/wp-content\/uploads\/2023\/04\/IMG_7801-1024x683.jpg 1024w, https:\/\/www.historicalwings.com\/wp-content\/uploads\/2023\/04\/IMG_7801-300x200.jpg 300w, https:\/\/www.historicalwings.com\/wp-content\/uploads\/2023\/04\/IMG_7801.jpg 1600w\" sizes=\"auto, (max-width: 1024px) 100vw, 1024px\" \/><\/a><\/figure>\n\n\n\n<figure class=\"wp-block-image size-large\"><a href=\"https:\/\/www.historicalwings.com\/wp-content\/uploads\/2023\/04\/IMG_7800.jpg\"><img loading=\"lazy\" decoding=\"async\" width=\"1024\" height=\"683\" data-id=\"19101\" src=\"https:\/\/www.historicalwings.com\/wp-content\/uploads\/2023\/04\/IMG_7800-1024x683.jpg\" alt=\"\" class=\"wp-image-19101\" srcset=\"https:\/\/www.historicalwings.com\/wp-content\/uploads\/2023\/04\/IMG_7800-1024x683.jpg 1024w, https:\/\/www.historicalwings.com\/wp-content\/uploads\/2023\/04\/IMG_7800-300x200.jpg 300w, https:\/\/www.historicalwings.com\/wp-content\/uploads\/2023\/04\/IMG_7800-768x512.jpg 768w, https:\/\/www.historicalwings.com\/wp-content\/uploads\/2023\/04\/IMG_7800.jpg 1600w\" sizes=\"auto, (max-width: 1024px) 100vw, 1024px\" \/><\/a><\/figure>\n\n\n\n<figure class=\"wp-block-image size-large\"><a href=\"https:\/\/www.historicalwings.com\/wp-content\/uploads\/2023\/04\/IMG_7799.jpg\"><img loading=\"lazy\" decoding=\"async\" width=\"1024\" height=\"683\" data-id=\"19100\" src=\"https:\/\/www.historicalwings.com\/wp-content\/uploads\/2023\/04\/IMG_7799-1024x683.jpg\" alt=\"\" class=\"wp-image-19100\" srcset=\"https:\/\/www.historicalwings.com\/wp-content\/uploads\/2023\/04\/IMG_7799-1024x683.jpg 1024w, https:\/\/www.historicalwings.com\/wp-content\/uploads\/2023\/04\/IMG_7799-300x200.jpg 300w, https:\/\/www.historicalwings.com\/wp-content\/uploads\/2023\/04\/IMG_7799-768x512.jpg 768w, https:\/\/www.historicalwings.com\/wp-content\/uploads\/2023\/04\/IMG_7799.jpg 1600w\" sizes=\"auto, (max-width: 1024px) 100vw, 1024px\" \/><\/a><\/figure>\n<\/figure>\n","protected":false},"excerpt":{"rendered":"<p>1\/48 Mirage Hobby, PZL 37A \u0141o\u015b, 212 Esk. Bombowa, 1 Pu\u0142k Lotniczy 72.5, Ma\u0142aszewicze (Near Brest) 3 October 1939.<\/p>\n","protected":false},"author":1,"featured_media":0,"parent":1783,"menu_order":0,"comment_status":"closed","ping_status":"closed","template":"","meta":{"footnotes":""},"class_list":["post-19099","page","type-page","status-publish","hentry"],"_links":{"self":[{"href":"https:\/\/www.historicalwings.com\/index.php?rest_route=\/wp\/v2\/pages\/19099","targetHints":{"allow":["GET"]}}],"collection":[{"href":"https:\/\/www.historicalwings.com\/index.php?rest_route=\/wp\/v2\/pages"}],"about":[{"href":"https:\/\/www.historicalwings.com\/index.php?rest_route=\/wp\/v2\/types\/page"}],"author":[{"embeddable":true,"href":"https:\/\/www.historicalwings.com\/index.php?rest_route=\/wp\/v2\/users\/1"}],"replies":[{"embeddable":true,"href":"https:\/\/www.historicalwings.com\/index.php?rest_route=%2Fwp%2Fv2%2Fcomments&post=19099"}],"version-history":[{"count":1,"href":"https:\/\/www.historicalwings.com\/index.php?rest_route=\/wp\/v2\/pages\/19099\/revisions"}],"predecessor-version":[{"id":19112,"href":"https:\/\/www.historicalwings.com\/index.php?rest_route=\/wp\/v2\/pages\/19099\/revisions\/19112"}],"up":[{"embeddable":true,"href":"https:\/\/www.historicalwings.com\/index.php?rest_route=\/wp\/v2\/pages\/1783"}],"wp:attachment":[{"href":"https:\/\/www.historicalwings.com\/index.php?rest_route=%2Fwp%2Fv2%2Fmedia&parent=19099"}],"curies":[{"name":"wp","href":"https:\/\/api.w.org\/{rel}","templated":true}]}}